{"id":106,"date":"2019-12-18T14:40:12","date_gmt":"2019-12-18T14:40:12","guid":{"rendered":"http:\/\/czeremuszkin.com\/?page_id=106"},"modified":"2019-12-18T14:40:12","modified_gmt":"2019-12-18T14:40:12","slug":"write-letters","status":"publish","type":"page","link":"http:\/\/czeremuszkin.com\/?page_id=106","title":{"rendered":"WRITE LETTERS"},"content":{"rendered":"\n<figure class=\"wp-block-image\"><a href=\"http:\/\/art.czeremuszkin.com\/painting\/litery\/konica-minolta-digital-camera\"><img decoding=\"async\" src=\"http:\/\/art.czeremuszkin.com\/wp-content\/uploads\/2011\/11\/czeremuszkin-150x180_kl%C4%99czenie.jpg\" alt=\"\" class=\"wp-image-2586\"\/><\/a><\/figure>\n\n\n\n<p><em>\u201eKneeling\u201d<\/em>, oil on canvas, 150 x 180 cm, 2008<\/p>\n\n\n\n<hr class=\"wp-block-separator\"\/>\n\n\n\n<figure class=\"wp-block-image\"><a href=\"http:\/\/art.czeremuszkin.com\/painting\/litery\/konica-minolta-digital-camera-2\"><img decoding=\"async\" src=\"http:\/\/art.czeremuszkin.com\/wp-content\/uploads\/2011\/11\/czeremuszkin-obserwator.jpg\" alt=\"\" class=\"wp-image-2587\"\/><\/a><\/figure>\n\n\n\n<p><em>\u201eObserver\u201d<\/em>, oil on canvas, 150 x 180 cm, 2008<\/p>\n\n\n\n<hr class=\"wp-block-separator\"\/>\n\n\n\n<figure class=\"wp-block-image\"><a href=\"http:\/\/art.czeremuszkin.com\/painting\/litery\/czeremuszkin-rozciagniety\"><img decoding=\"async\" src=\"http:\/\/art.czeremuszkin.com\/wp-content\/uploads\/2011\/11\/czeremuszkin-rozciagniety.jpg\" alt=\"\" class=\"wp-image-2588\"\/><\/a><\/figure>\n\n\n\n<p><em>\u201eStrained\u201d<\/em>, oil on canvas, 150 x 200 cm, 2008<\/p>\n\n\n\n<hr class=\"wp-block-separator\"\/>\n\n\n\n<figure class=\"wp-block-image\"><a href=\"http:\/\/art.czeremuszkin.com\/painting\/litery\/konica-minolta-digital-camera-3\"><img decoding=\"async\" src=\"http:\/\/art.czeremuszkin.com\/wp-content\/uploads\/2011\/11\/czeremuszkin-przewrocila_sie.jpg\" alt=\"\" class=\"wp-image-2589\"\/><\/a><\/figure>\n\n\n\n<p><em>\u201eFell down<\/em><em>\u201e<\/em>, oil on canvas, 150 x 180 cm, 2008<\/p>\n\n\n\n<hr class=\"wp-block-separator\"\/>\n\n\n\n<figure class=\"wp-block-image\"><a href=\"http:\/\/art.czeremuszkin.com\/painting\/litery\/konica-minolta-digital-camera-4\"><img decoding=\"async\" src=\"http:\/\/art.czeremuszkin.com\/wp-content\/uploads\/2011\/11\/czeremuszkin-.jpg\" alt=\"\" class=\"wp-image-2590\"\/><\/a><\/figure>\n\n\n\n<p><em>\u201e5890\u201d<\/em>, oil on canvas, 150 x 180 cm, 2008,&nbsp;private collection<\/p>\n\n\n\n<hr class=\"wp-block-separator\"\/>\n\n\n\n<figure class=\"wp-block-image\"><a href=\"http:\/\/art.czeremuszkin.com\/painting\/litery\/konica-minolta-digital-camera-11\"><img decoding=\"async\" src=\"http:\/\/art.czeremuszkin.com\/wp-content\/uploads\/2011\/11\/czeremuszkin-spadanie.jpg\" alt=\"\" class=\"wp-image-2599\"\/><\/a><\/figure>\n\n\n\n<p><em>\u201eFall back\u201d<\/em>, oil on canvas, 150 x 180 cm, 2008<\/p>\n\n\n\n<hr class=\"wp-block-separator\"\/>\n\n\n\n<figure class=\"wp-block-image\"><a href=\"http:\/\/art.czeremuszkin.com\/painting\/litery\/konica-minolta-digital-camera-6\"><img decoding=\"async\" src=\"http:\/\/art.czeremuszkin.com\/wp-content\/uploads\/2011\/11\/czeremuszkin-stojacpalac....jpg\" alt=\"\" class=\"wp-image-2592\"\/><\/a><\/figure>\n\n\n\n<p><em>\u201eStanding, smoking\u2026\u201d<\/em>, oil on canvas, 150 x 180 cm, 2008<\/p>\n\n\n\n<hr class=\"wp-block-separator\"\/>\n\n\n\n<figure class=\"wp-block-image\"><a href=\"http:\/\/art.czeremuszkin.com\/painting\/litery\/konica-minolta-digital-camera-7\"><img decoding=\"async\" src=\"http:\/\/art.czeremuszkin.com\/wp-content\/uploads\/2011\/11\/czeremuszkin-stopa-nad-glowa.jpg\" alt=\"\" class=\"wp-image-2593\"\/><\/a><\/figure>\n\n\n\n<p><em>\u201eFood under head\u201d<\/em>, oil on canvas, 150 x 180 cm, 2007<\/p>\n\n\n\n<hr class=\"wp-block-separator\"\/>\n\n\n\n<figure class=\"wp-block-image\"><a href=\"http:\/\/art.czeremuszkin.com\/painting\/litery\/konica-minolta-digital-camera-8\"><img decoding=\"async\" src=\"http:\/\/art.czeremuszkin.com\/wp-content\/uploads\/2011\/11\/czeremuszkin-widok_bez_g%C5%82owy.jpg\" alt=\"\" class=\"wp-image-2594\"\/><\/a><\/figure>\n\n\n\n<p><em>\u201eA view without a head\u201d<\/em>, oil on canvas, 150 x 180 cm, 2008<\/p>\n\n\n\n<hr class=\"wp-block-separator\"\/>\n\n\n\n<figure class=\"wp-block-image\"><a href=\"http:\/\/art.czeremuszkin.com\/painting\/litery\/konica-minolta-digital-camera-9\"><img decoding=\"async\" src=\"http:\/\/art.czeremuszkin.com\/wp-content\/uploads\/2011\/11\/czeremuszkin-wychylenie.jpg\" alt=\"\" class=\"wp-image-2595\"\/><\/a><\/figure>\n\n\n\n<p><em>\u201eDeflection\u201d<\/em>, oil on canvas, 150 x 180 cm, 2008<\/p>\n\n\n\n<hr class=\"wp-block-separator\"\/>\n\n\n\n<figure class=\"wp-block-image\"><a href=\"http:\/\/art.czeremuszkin.com\/painting\/litery\/czeremuszkin-ptaki\"><img decoding=\"async\" src=\"http:\/\/art.czeremuszkin.com\/wp-content\/uploads\/2011\/11\/czeremuszkin-ptaki.jpg\" alt=\"\" class=\"wp-image-2596\"\/><\/a><\/figure>\n\n\n\n<p><em>\u201eBirds\u201d<\/em>, oil on canvas, 150 x 200 cm, 2008,&nbsp;private collection<\/p>\n\n\n\n<hr class=\"wp-block-separator\"\/>\n\n\n\n<figure class=\"wp-block-image\"><a href=\"http:\/\/art.czeremuszkin.com\/painting\/litery\/konica-minolta-digital-camera-10\"><img decoding=\"async\" src=\"http:\/\/art.czeremuszkin.com\/wp-content\/uploads\/2011\/11\/czeremuszkin-lezacy1.jpg\" alt=\"\" class=\"wp-image-2597\"\/><\/a><\/figure>\n\n\n\n<p><em>\u201eLying down\u201d<\/em>, oil on canvas, 150 x 180 cm, 2007<\/p>\n\n\n\n<hr class=\"wp-block-separator\"\/>\n\n\n\n<figure class=\"wp-block-image\"><a href=\"http:\/\/art.czeremuszkin.com\/painting\/litery\/c-czeremuszkin\"><img decoding=\"async\" src=\"http:\/\/art.czeremuszkin.com\/wp-content\/uploads\/2011\/11\/C-czeremuszkin.jpg\" alt=\"\" class=\"wp-image-2598\"\/><\/a><\/figure>\n\n\n\n<p><em>\u201eC\u201d<\/em>, oil on canvas, 150 x 100 cm, 2007, sold<\/p>\n\n\n\n<hr class=\"wp-block-separator\"\/>\n\n\n\n<p>Figura ludzka od kilku lat pozostaje g\u0142\u00f3wnym obiektem moich zainteresowa\u0144. Wed\u0142ug mnie jest ona najbardziej z\u0142o\u017conym i intryguj\u0105cym tematem w malarstwie. Po cz\u0119\u015bci jestem w stanie zgodzi\u0107 si\u0119 z Francisem Baconem, kt\u00f3ry twierdzi\u0142, \u017ce sztuka abstrakcyjna nieuchronnie wiedzie ku dekoracyjno\u015bci, podczas gdy ta czyni\u0105ca bohaterem cz\u0142owieka, jest w stanie mocniej poruszy\u0107 widza.<\/p>\n\n\n\n<p>Moje obrazy to wynik d\u0105\u017cenia do syntezy wizerunku cz\u0142owieka, pozostawiam w nich tak\u017ce du\u017co miejsca na kontrolowany przypadek i wolno\u015b\u0107 wyboru. Maluj\u0105c inspiruje si\u0119 pras\u0105, fotografiami i liternictwem w niej wyst\u0119puj\u0105cym. Ca\u0142kowicie nie interesuje mnie natomiast przekaz jaki ze sob\u0105 nios\u0105, dekompletuje je i pozbawiam znaczenia, jednocze\u015bnie nadaj\u0105c im nowe. Elementy liternictwa zawarte w moich pracach w \u017caden spos\u00f3b nie s\u0105 wi\u0119c komunikatami, ale warto\u015bci\u0105 czysto wizualna. S\u0105 one niejako przejawem wsp\u00f3\u0142czesno\u015bci. Obrazy wpadaj\u0105 do mojej g\u0142owy, kie\u0142kuj\u0105 w nowe pomys\u0142y \u2013 generuj\u0105 nowe obrazy, wytwarzaj\u0105 r\u00f3\u017cne stereotypy, w du\u017cej mierze warunkuj\u0105 my\u015blenie. W ten spos\u00f3b powstaje obraz \u2013 przetworzony, przefiltrowany przez psychik\u0119 \u2013 jednak maj\u0105cy swe realne \u017ar\u00f3d\u0142o w innych obrazach, najcz\u0119\u015bciej zobaczonych w telewizji czy prasie.<br>Jeste\u015bmy bezustannie bombardowani obrazami, w\u017ceraj\u0105 si\u0119 w nasz\u0105 pod\u015bwiadomo\u015b\u0107, steruj\u0105 zachowaniami. Wykreowane przez cz\u0142owieka, teraz wiod\u0105 sw\u00f3j w\u0142asny niezale\u017cny \u017cywot. Powo\u0142ali\u015bmy je do \u017cycia i stracili\u015bmy nad nimi kontrol\u0119.<\/p>\n\n\n\n<hr class=\"wp-block-separator\"\/>\n\n\n\n<p>The human figure has been the main object of my interest for a few years now. I consider it to be the most complex and intriguing topic when it comes to painting. To some degree, I would agree here with Francis Bacon, who claimed that abstract art results inevitably in decorativeness while the one which turns a human being into a hero can move the spectator more deeply.<\/p>\n\n\n\n<p>My paintings are the result of my efforts to synthesize the image of a human being. a lot of their space is devoted to controlled accident and freedom of choice I am often inspired by press, photography and lettering. However, I am not interested in the messages they carry. I dissect them, strip them of their meaning while giving them a new one. Therefore, the elements of lettering included in my works have no communicative value whatsoever, but only a visual one. In a way, they are a manifestation of the modern world. Images just fall into my head and evolve into new ideas \u2013 they generate new images, create various stereotypes, largely condition the way I think. This is how a painting\/image is created \u2013 processed and filtered by the mind \u2013 but with its source lying in other images, most often seen on TV or in the press.<br>We are constantly bombarded with images which settle deeply in our unconscious minds and control our behaviour. Created by a human being, now they lead their own independent lives. We made them alive but we lost control over them.<\/p>\n\n\n\n<p><em>Translated by Anna Laver<\/em><\/p>\n","protected":false},"excerpt":{"rendered":"<p>\u201eKneeling\u201d, oil on canvas, 150 x 180 cm, 2008 \u201eObserver\u201d, oil on canvas, 150 x 180 cm, 2008 \u201eStrained\u201d, oil on canvas, 150 x 200 cm, 2008 \u201eFell down\u201e, oil on canvas, 150 x 180 cm, 2008 \u201e5890\u201d, oil on canvas, 150 x 180 cm, 2008,&nbsp;private collection \u201eFall back\u201d, oil on canvas, 150 x 180 [&hellip;]<\/p>\n","protected":false},"author":1,"featured_media":0,"parent":0,"menu_order":13,"comment_status":"closed","ping_status":"closed","template":"","meta":{"saved_in_kubio":false,"footnotes":""},"class_list":["post-106","page","type-page","status-publish","hentry"],"kubio_ai_page_context":{"short_desc":"","purpose":"general"},"_links":{"self":[{"href":"http:\/\/czeremuszkin.com\/index.php?rest_route=\/wp\/v2\/pages\/106","targetHints":{"allow":["GET"]}}],"collection":[{"href":"http:\/\/czeremuszkin.com\/index.php?rest_route=\/wp\/v2\/pages"}],"about":[{"href":"http:\/\/czeremuszkin.com\/index.php?rest_route=\/wp\/v2\/types\/page"}],"author":[{"embeddable":true,"href":"http:\/\/czeremuszkin.com\/index.php?rest_route=\/wp\/v2\/users\/1"}],"replies":[{"embeddable":true,"href":"http:\/\/czeremuszkin.com\/index.php?rest_route=%2Fwp%2Fv2%2Fcomments&post=106"}],"version-history":[{"count":1,"href":"http:\/\/czeremuszkin.com\/index.php?rest_route=\/wp\/v2\/pages\/106\/revisions"}],"predecessor-version":[{"id":107,"href":"http:\/\/czeremuszkin.com\/index.php?rest_route=\/wp\/v2\/pages\/106\/revisions\/107"}],"wp:attachment":[{"href":"http:\/\/czeremuszkin.com\/index.php?rest_route=%2Fwp%2Fv2%2Fmedia&parent=106"}],"curies":[{"name":"wp","href":"https:\/\/api.w.org\/{rel}","templated":true}]}}