{"id":112,"date":"2019-12-18T14:42:04","date_gmt":"2019-12-18T14:42:04","guid":{"rendered":"http:\/\/czeremuszkin.com\/?page_id=112"},"modified":"2019-12-18T14:46:15","modified_gmt":"2019-12-18T14:46:15","slug":"wroclaw","status":"publish","type":"page","link":"http:\/\/czeremuszkin.com\/?page_id=112","title":{"rendered":"WROCLAW \/ BROWAR MIESZCZANSKI"},"content":{"rendered":"\n<p>Realization of mural painting with Ania Zuber in Browar Mieszczanski, Wroclaw, Poland (100m2, mineral paints \u2013 KEIM), May 2008<\/p>\n\n\n\n<p>Realizacja malarstwa \u015bciennego z Ani\u0105 Zuber \u2013 Browar Mieszcza\u0144ski, Wroc\u0142aw, Polska, Maj 2008 ( powierzchnia ponad 100m2, farby mineralne KEIM)<\/p>\n\n\n\n<p><a href=\"http:\/\/www.flickr.com\/photos\/4mural\">See more pictures \/ Zobacz wi\u0119cej zdj\u0119\u0107<\/a><\/p>\n\n\n\n<div class=\"wp-block-image\"><figure class=\"aligncenter\"><a href=\"http:\/\/art.czeremuszkin.com\/wall\/wroclaw\/agata-czeremuszkin_chrut_mural-we-wroclawiu_2008-2\"><img decoding=\"async\" src=\"http:\/\/art.czeremuszkin.com\/wp-content\/uploads\/2011\/11\/Agata-Czeremuszkin_Chrut_Mural-we-Wroclawiu_2008-2-590x391.jpg\" alt=\"\" class=\"wp-image-2954\"\/><\/a><\/figure><\/div>\n\n\n\n<div class=\"wp-block-image\"><figure class=\"aligncenter\"><a href=\"http:\/\/art.czeremuszkin.com\/wall\/wroclaw\/konica-minolta-digital-camera-27\"><img decoding=\"async\" src=\"http:\/\/art.czeremuszkin.com\/wp-content\/uploads\/2011\/11\/Agata-Czeremuszkin_Chrut_Mural-we-Wroclawiu_2008-21-590x442.jpg\" alt=\"\" class=\"wp-image-2955\"\/><\/a><\/figure><\/div>\n\n\n\n<div class=\"wp-block-image\"><figure class=\"aligncenter\"><a href=\"http:\/\/art.czeremuszkin.com\/wall\/wroclaw\/agata-czeremuszkin_chrut_mural-we-wroclawiu_2008-22\"><img decoding=\"async\" src=\"http:\/\/art.czeremuszkin.com\/wp-content\/uploads\/2011\/11\/Agata-Czeremuszkin_Chrut_Mural-we-Wroclawiu_2008-22-590x391.jpg\" alt=\"\" class=\"wp-image-2956\"\/><\/a><\/figure><\/div>\n\n\n\n<div class=\"wp-block-image\"><figure class=\"aligncenter\"><a href=\"http:\/\/art.czeremuszkin.com\/wall\/wroclaw\/agata-czeremuszkin_chrut_mural-we-wroclawiu_2008-27\"><img decoding=\"async\" src=\"http:\/\/art.czeremuszkin.com\/wp-content\/uploads\/2011\/11\/Agata-Czeremuszkin_Chrut_Mural-we-Wroclawiu_2008-27-590x391.jpg\" alt=\"\" class=\"wp-image-2957\"\/><\/a><\/figure><\/div>\n\n\n\n<div class=\"wp-block-image\"><figure class=\"aligncenter\"><a href=\"http:\/\/art.czeremuszkin.com\/wall\/wroclaw\/agata-czeremuszkin_chrut_mural-we-wroclawiu_2008-38\"><img decoding=\"async\" src=\"http:\/\/art.czeremuszkin.com\/wp-content\/uploads\/2011\/11\/Agata-Czeremuszkin_Chrut_Mural-we-Wroclawiu_2008-38-590x391.jpg\" alt=\"\" class=\"wp-image-2958\"\/><\/a><\/figure><\/div>\n\n\n\n<div class=\"wp-block-image\"><figure class=\"aligncenter\"><a href=\"http:\/\/art.czeremuszkin.com\/wall\/wroclaw\/agata-czeremuszkin_chrut_mural-we-wroclawiu_2008-39\"><img decoding=\"async\" src=\"http:\/\/art.czeremuszkin.com\/wp-content\/uploads\/2011\/11\/Agata-Czeremuszkin_Chrut_Mural-we-Wroclawiu_2008-39-590x391.jpg\" alt=\"\" class=\"wp-image-2959\"\/><\/a><\/figure><\/div>\n\n\n\n<div class=\"wp-block-image\"><figure class=\"aligncenter\"><a href=\"http:\/\/art.czeremuszkin.com\/wall\/wroclaw\/agata-czeremuszkin_chrut_mural-we-wroclawiu_2008-40\"><img decoding=\"async\" src=\"http:\/\/art.czeremuszkin.com\/wp-content\/uploads\/2011\/11\/Agata-Czeremuszkin_Chrut_Mural-we-Wroclawiu_2008-40-590x391.jpg\" alt=\"\" class=\"wp-image-2960\"\/><\/a><\/figure><\/div>\n\n\n\n<div class=\"wp-block-image\"><figure class=\"aligncenter\"><a href=\"http:\/\/art.czeremuszkin.com\/wall\/wroclaw\/agata-czeremuszkin_chrut_mural-we-wroclawiu_2008-43\"><img decoding=\"async\" src=\"http:\/\/art.czeremuszkin.com\/wp-content\/uploads\/2011\/11\/Agata-Czeremuszkin_Chrut_Mural-we-Wroclawiu_2008-43-590x391.jpg\" alt=\"\" class=\"wp-image-2961\"\/><\/a><\/figure><\/div>\n\n\n\n<div class=\"wp-block-image\"><figure class=\"aligncenter\"><a href=\"http:\/\/art.czeremuszkin.com\/wall\/wroclaw\/agata-czeremuszkin_chrut_mural-we-wroclawiu_2008-44\"><img decoding=\"async\" src=\"http:\/\/art.czeremuszkin.com\/wp-content\/uploads\/2011\/11\/Agata-Czeremuszkin_Chrut_Mural-we-Wroclawiu_2008-44-590x391.jpg\" alt=\"\" class=\"wp-image-2962\"\/><\/a><\/figure><\/div>\n\n\n\n<div class=\"wp-block-image\"><figure class=\"aligncenter\"><a href=\"http:\/\/art.czeremuszkin.com\/wall\/wroclaw\/agata-czeremuszkin_chrut_mural-we-wroclawiu_2008-46\"><img decoding=\"async\" src=\"http:\/\/art.czeremuszkin.com\/wp-content\/uploads\/2011\/11\/Agata-Czeremuszkin_Chrut_Mural-we-Wroclawiu_2008-46-590x391.jpg\" alt=\"\" class=\"wp-image-2963\"\/><\/a><\/figure><\/div>\n\n\n\n<div class=\"wp-block-image\"><figure class=\"aligncenter\"><a href=\"http:\/\/art.czeremuszkin.com\/wall\/wroclaw\/agata-czeremuszkin_chrut_mural-we-wroclawiu_2008-48\"><img decoding=\"async\" src=\"http:\/\/art.czeremuszkin.com\/wp-content\/uploads\/2011\/11\/Agata-Czeremuszkin_Chrut_Mural-we-Wroclawiu_2008-48-590x391.jpg\" alt=\"\" class=\"wp-image-2964\"\/><\/a><\/figure><\/div>\n\n\n\n<div class=\"wp-block-image\"><figure class=\"aligncenter\"><a href=\"http:\/\/art.czeremuszkin.com\/wall\/wroclaw\/agata-czeremuszkin_chrut_mural-we-wroclawiu_2008-51\"><img decoding=\"async\" src=\"http:\/\/art.czeremuszkin.com\/wp-content\/uploads\/2011\/11\/Agata-Czeremuszkin_Chrut_Mural-we-Wroclawiu_2008-51-590x391.jpg\" alt=\"\" class=\"wp-image-2965\"\/><\/a><\/figure><\/div>\n","protected":false},"excerpt":{"rendered":"<p>Realization of mural painting with Ania Zuber in Browar Mieszczanski, Wroclaw, Poland (100m2, mineral paints \u2013 KEIM), May 2008 Realizacja malarstwa \u015bciennego z Ani\u0105 Zuber \u2013 Browar Mieszcza\u0144ski, Wroc\u0142aw, Polska, Maj 2008 ( powierzchnia ponad 100m2, farby mineralne KEIM) See more pictures \/ Zobacz wi\u0119cej zdj\u0119\u0107<\/p>\n","protected":false},"author":1,"featured_media":0,"parent":0,"menu_order":0,"comment_status":"closed","ping_status":"closed","template":"","meta":{"saved_in_kubio":false,"footnotes":""},"class_list":["post-112","page","type-page","status-publish","hentry"],"kubio_ai_page_context":{"short_desc":"","purpose":"general"},"_links":{"self":[{"href":"http:\/\/czeremuszkin.com\/index.php?rest_route=\/wp\/v2\/pages\/112","targetHints":{"allow":["GET"]}}],"collection":[{"href":"http:\/\/czeremuszkin.com\/index.php?rest_route=\/wp\/v2\/pages"}],"about":[{"href":"http:\/\/czeremuszkin.com\/index.php?rest_route=\/wp\/v2\/types\/page"}],"author":[{"embeddable":true,"href":"http:\/\/czeremuszkin.com\/index.php?rest_route=\/wp\/v2\/users\/1"}],"replies":[{"embeddable":true,"href":"http:\/\/czeremuszkin.com\/index.php?rest_route=%2Fwp%2Fv2%2Fcomments&post=112"}],"version-history":[{"count":2,"href":"http:\/\/czeremuszkin.com\/index.php?rest_route=\/wp\/v2\/pages\/112\/revisions"}],"predecessor-version":[{"id":124,"href":"http:\/\/czeremuszkin.com\/index.php?rest_route=\/wp\/v2\/pages\/112\/revisions\/124"}],"wp:attachment":[{"href":"http:\/\/czeremuszkin.com\/index.php?rest_route=%2Fwp%2Fv2%2Fmedia&parent=112"}],"curies":[{"name":"wp","href":"https:\/\/api.w.org\/{rel}","templated":true}]}}