{"id":116,"date":"2019-12-18T14:43:23","date_gmt":"2019-12-18T14:43:23","guid":{"rendered":"http:\/\/czeremuszkin.com\/?page_id=116"},"modified":"2019-12-18T14:46:24","modified_gmt":"2019-12-18T14:46:24","slug":"poznan","status":"publish","type":"page","link":"http:\/\/czeremuszkin.com\/?page_id=116","title":{"rendered":"POZNAN \/ NOWA GAZOWNIA"},"content":{"rendered":"\n<p>Projekt: Agnieszka Paku\u0142a, Agata Czeremuszkin-Chrut, Kasia Kowalska<\/p>\n\n\n\n<p>Realizacja:&nbsp;Agnieszka Paku\u0142a, Agata Czeremuszkin-Chrut, Kasia Kowalska, Micha\u0142 Kossut<\/p>\n\n\n\n<p>Powierzchnia: 100m2<\/p>\n\n\n\n<p>Lokalizacja: Budynek Nowej Gazowni, ul. Ewangelicka 1, Pozna\u0144<\/p>\n\n\n\n<p>Technika: farby akrylowe<\/p>\n\n\n\n<p>Czas: 4 dni<\/p>\n\n\n\n<p>#thefineartcollective, #nowagazownia, #czapskiartfoundation\\<\/p>\n\n\n\n<figure class=\"wp-block-embed\"><div class=\"wp-block-embed__wrapper\">\nhttp:\/\/www.thefineartcollective.pl\n<\/div><\/figure>\n\n\n\n<figure class=\"wp-block-embed\"><div class=\"wp-block-embed__wrapper\">\nhttp:\/\/czapski.art.pl\n<\/div><\/figure>\n\n\n\n<figure class=\"wp-block-embed\"><div class=\"wp-block-embed__wrapper\">\n<blockquote class=\"wp-embedded-content\" data-secret=\"Q2GZqKfGP8\"><a href=\"https:\/\/pawilon.org\/\">Strona g\u0142\u00f3wna<\/a><\/blockquote><iframe loading=\"lazy\" class=\"wp-embedded-content\" sandbox=\"allow-scripts\" security=\"restricted\" style=\"position: absolute; visibility: hidden;\" title=\"&#8222;Strona g\u0142\u00f3wna&#8221; &#8212; Pawilon.org\" src=\"https:\/\/pawilon.org\/embed\/#?secret=qI1ONhI92g#?secret=Q2GZqKfGP8\" data-secret=\"Q2GZqKfGP8\" width=\"500\" height=\"282\" frameborder=\"0\" marginwidth=\"0\" marginheight=\"0\" scrolling=\"no\"><\/iframe>\n<\/div><\/figure>\n\n\n\n<div class=\"wp-block-image\"><figure class=\"aligncenter\"><img decoding=\"async\" src=\"http:\/\/art.czeremuszkin.com\/wp-content\/uploads\/2015\/07\/DSC_9710-800x536.jpg\" alt=\"DSC_9710\" class=\"wp-image-4839\"\/><\/figure><\/div>\n\n\n\n<div class=\"wp-block-image\"><figure class=\"aligncenter\"><img decoding=\"async\" src=\"http:\/\/art.czeremuszkin.com\/wp-content\/uploads\/2015\/07\/DSC_9720-800x536.jpg\" alt=\"DSC_9720\" class=\"wp-image-4840\"\/><\/figure><\/div>\n\n\n\n<div class=\"wp-block-image\"><figure class=\"aligncenter\"><img decoding=\"async\" src=\"http:\/\/art.czeremuszkin.com\/wp-content\/uploads\/2015\/07\/DSC_9726-800x536.jpg\" alt=\"DSC_9726\" class=\"wp-image-4841\"\/><\/figure><\/div>\n\n\n\n<div class=\"wp-block-image\"><figure class=\"aligncenter\"><img decoding=\"async\" src=\"http:\/\/art.czeremuszkin.com\/wp-content\/uploads\/2015\/07\/DSC_9734-800x536.jpg\" alt=\"DSC_9734\" class=\"wp-image-4842\"\/><\/figure><\/div>\n\n\n\n<div class=\"wp-block-image\"><figure class=\"aligncenter\"><img decoding=\"async\" src=\"http:\/\/art.czeremuszkin.com\/wp-content\/uploads\/2015\/07\/DSC_9745-800x536.jpg\" alt=\"DSC_9745\" class=\"wp-image-4843\"\/><\/figure><\/div>\n\n\n\n<div class=\"wp-block-image\"><figure class=\"aligncenter\"><img decoding=\"async\" src=\"http:\/\/art.czeremuszkin.com\/wp-content\/uploads\/2015\/07\/DSC_9747-800x536.jpg\" alt=\"DSC_9747\" class=\"wp-image-4844\"\/><\/figure><\/div>\n\n\n\n<div class=\"wp-block-image\"><figure class=\"aligncenter\"><img decoding=\"async\" src=\"http:\/\/art.czeremuszkin.com\/wp-content\/uploads\/2015\/07\/DSC_9754-800x536.jpg\" alt=\"DSC_9754\" class=\"wp-image-4845\"\/><\/figure><\/div>\n\n\n\n<div class=\"wp-block-image\"><figure class=\"aligncenter\"><img decoding=\"async\" src=\"http:\/\/art.czeremuszkin.com\/wp-content\/uploads\/2015\/07\/DSC_9760-800x536.jpg\" alt=\"DSC_9760\" class=\"wp-image-4846\"\/><\/figure><\/div>\n\n\n\n<div class=\"wp-block-image\"><figure class=\"aligncenter\"><img decoding=\"async\" src=\"http:\/\/art.czeremuszkin.com\/wp-content\/uploads\/2015\/07\/DSC_9768-800x536.jpg\" alt=\"DSC_9768\" class=\"wp-image-4847\"\/><\/figure><\/div>\n\n\n\n<div class=\"wp-block-image\"><figure class=\"aligncenter\"><img decoding=\"async\" src=\"http:\/\/art.czeremuszkin.com\/wp-content\/uploads\/2015\/07\/DSC_9771-800x536.jpg\" alt=\"DSC_9771\" class=\"wp-image-4848\"\/><\/figure><\/div>\n\n\n\n<div class=\"wp-block-image\"><figure class=\"aligncenter\"><img decoding=\"async\" src=\"http:\/\/art.czeremuszkin.com\/wp-content\/uploads\/2015\/07\/DSC_9787-800x535.jpg\" alt=\"DSC_9787\" class=\"wp-image-4849\"\/><\/figure><\/div>\n\n\n\n<div class=\"wp-block-image\"><figure class=\"aligncenter\"><img decoding=\"async\" src=\"http:\/\/art.czeremuszkin.com\/wp-content\/uploads\/2015\/07\/DSC_9789-800x536.jpg\" alt=\"DSC_9789\" class=\"wp-image-4850\"\/><\/figure><\/div>\n\n\n\n<div class=\"wp-block-image\"><figure class=\"aligncenter\"><img decoding=\"async\" src=\"http:\/\/art.czeremuszkin.com\/wp-content\/uploads\/2015\/07\/DSC_9794-800x536.jpg\" alt=\"DSC_9794\" class=\"wp-image-4851\"\/><\/figure><\/div>\n\n\n\n<div class=\"wp-block-image\"><figure class=\"aligncenter\"><img decoding=\"async\" src=\"http:\/\/art.czeremuszkin.com\/wp-content\/uploads\/2015\/07\/DSC_9796-800x536.jpg\" alt=\"DSC_9796\" class=\"wp-image-4852\"\/><\/figure><\/div>\n\n\n\n<div class=\"wp-block-image\"><figure class=\"aligncenter\"><img decoding=\"async\" src=\"http:\/\/art.czeremuszkin.com\/wp-content\/uploads\/2015\/07\/DSC_9803-800x536.jpg\" alt=\"DSC_9803\" class=\"wp-image-4853\"\/><\/figure><\/div>\n\n\n\n<div class=\"wp-block-image\"><figure class=\"aligncenter\"><img decoding=\"async\" src=\"http:\/\/art.czeremuszkin.com\/wp-content\/uploads\/2015\/07\/DSC_9816-800x536.jpg\" alt=\"DSC_9816\" class=\"wp-image-4854\"\/><\/figure><\/div>\n\n\n\n<div class=\"wp-block-image\"><figure class=\"aligncenter\"><img decoding=\"async\" src=\"http:\/\/art.czeremuszkin.com\/wp-content\/uploads\/2015\/07\/DSC_9824-800x536.jpg\" alt=\"DSC_9824\" class=\"wp-image-4855\"\/><\/figure><\/div>\n\n\n\n<div class=\"wp-block-image\"><figure class=\"aligncenter\"><img decoding=\"async\" src=\"http:\/\/art.czeremuszkin.com\/wp-content\/uploads\/2015\/07\/DSC_9829-800x536.jpg\" alt=\"DSC_9829\" class=\"wp-image-4856\"\/><\/figure><\/div>\n\n\n\n<div class=\"wp-block-image\"><figure class=\"aligncenter\"><img decoding=\"async\" src=\"http:\/\/art.czeremuszkin.com\/wp-content\/uploads\/2015\/07\/DSC_9839-800x536.jpg\" alt=\"DSC_9839\" class=\"wp-image-4857\"\/><\/figure><\/div>\n\n\n\n<div class=\"wp-block-image\"><figure class=\"aligncenter\"><img decoding=\"async\" src=\"http:\/\/art.czeremuszkin.com\/wp-content\/uploads\/2015\/07\/DSC_9842-800x535.jpg\" alt=\"DSC_9842\" class=\"wp-image-4858\"\/><\/figure><\/div>\n\n\n\n<div class=\"wp-block-image\"><figure class=\"aligncenter\"><img decoding=\"async\" src=\"http:\/\/art.czeremuszkin.com\/wp-content\/uploads\/2015\/07\/DSC_9871-800x536.jpg\" alt=\"DSC_9871\" class=\"wp-image-4859\"\/><\/figure><\/div>\n\n\n\n<div class=\"wp-block-image\"><figure class=\"aligncenter\"><img decoding=\"async\" src=\"http:\/\/art.czeremuszkin.com\/wp-content\/uploads\/2015\/07\/DSC_9875-800x1195.jpg\" alt=\"DSC_9875\" class=\"wp-image-4860\"\/><\/figure><\/div>\n\n\n\n<div class=\"wp-block-image\"><figure class=\"aligncenter\"><img decoding=\"async\" src=\"http:\/\/art.czeremuszkin.com\/wp-content\/uploads\/2015\/07\/DSC_9879-800x536.jpg\" alt=\"DSC_9879\" class=\"wp-image-4861\"\/><\/figure><\/div>\n\n\n\n<div class=\"wp-block-image\"><figure class=\"aligncenter\"><img decoding=\"async\" src=\"http:\/\/art.czeremuszkin.com\/wp-content\/uploads\/2015\/07\/DSC_9886-800x536.jpg\" alt=\"DSC_9886\" class=\"wp-image-4862\"\/><\/figure><\/div>\n","protected":false},"excerpt":{"rendered":"<p>Projekt: Agnieszka Paku\u0142a, Agata Czeremuszkin-Chrut, Kasia Kowalska Realizacja:&nbsp;Agnieszka Paku\u0142a, Agata Czeremuszkin-Chrut, Kasia Kowalska, Micha\u0142 Kossut Powierzchnia: 100m2 Lokalizacja: Budynek Nowej Gazowni, ul. Ewangelicka 1, Pozna\u0144 Technika: farby akrylowe Czas: 4 dni #thefineartcollective, #nowagazownia, #czapskiartfoundation\\<\/p>\n","protected":false},"author":1,"featured_media":0,"parent":0,"menu_order":0,"comment_status":"closed","ping_status":"closed","template":"","meta":{"saved_in_kubio":false,"footnotes":""},"class_list":["post-116","page","type-page","status-publish","hentry"],"kubio_ai_page_context":{"short_desc":"","purpose":"general"},"_links":{"self":[{"href":"http:\/\/czeremuszkin.com\/index.php?rest_route=\/wp\/v2\/pages\/116","targetHints":{"allow":["GET"]}}],"collection":[{"href":"http:\/\/czeremuszkin.com\/index.php?rest_route=\/wp\/v2\/pages"}],"about":[{"href":"http:\/\/czeremuszkin.com\/index.php?rest_route=\/wp\/v2\/types\/page"}],"author":[{"embeddable":true,"href":"http:\/\/czeremuszkin.com\/index.php?rest_route=\/wp\/v2\/users\/1"}],"replies":[{"embeddable":true,"href":"http:\/\/czeremuszkin.com\/index.php?rest_route=%2Fwp%2Fv2%2Fcomments&post=116"}],"version-history":[{"count":2,"href":"http:\/\/czeremuszkin.com\/index.php?rest_route=\/wp\/v2\/pages\/116\/revisions"}],"predecessor-version":[{"id":125,"href":"http:\/\/czeremuszkin.com\/index.php?rest_route=\/wp\/v2\/pages\/116\/revisions\/125"}],"wp:attachment":[{"href":"http:\/\/czeremuszkin.com\/index.php?rest_route=%2Fwp%2Fv2%2Fmedia&parent=116"}],"curies":[{"name":"wp","href":"https:\/\/api.w.org\/{rel}","templated":true}]}}