{"id":118,"date":"2019-12-18T14:44:24","date_gmt":"2019-12-18T14:44:24","guid":{"rendered":"http:\/\/czeremuszkin.com\/?page_id=118"},"modified":"2019-12-18T14:46:31","modified_gmt":"2019-12-18T14:46:31","slug":"gorzow-wielkopolski","status":"publish","type":"page","link":"http:\/\/czeremuszkin.com\/?page_id=118","title":{"rendered":"GORZOW WIELKOPOLSKI \/ BWA"},"content":{"rendered":"\n<p>W ostatnich dniach sierpnia BWA w Gorzowie Wielkopolskim udost\u0119pni\u0142o pod\u0142o\u017ce pod muralobaner, b\u0119d\u0105cy zapowiedzi\u0105 wystawy \u201ePapier \/ p\u0142\u00f3tno \/ \u015bciana\u201d Agaty Czeremuszkin-Chrut w tej\u017ce galerii. Efekty oraz sam proces malowania tego tymczasowego dzie\u0142a mo\u017cecie ogl\u0105da\u0107 poni\u017cej. Serdecznie dzi\u0119kujemy a na wystaw\u0119 zapraszamy do 4 pa\u017adziernika.<\/p>\n","protected":false},"excerpt":{"rendered":"<p>W ostatnich dniach sierpnia BWA w Gorzowie Wielkopolskim udost\u0119pni\u0142o pod\u0142o\u017ce pod muralobaner, b\u0119d\u0105cy zapowiedzi\u0105 wystawy \u201ePapier \/ p\u0142\u00f3tno \/ \u015bciana\u201d Agaty Czeremuszkin-Chrut w tej\u017ce galerii. Efekty oraz sam proces malowania tego tymczasowego dzie\u0142a mo\u017cecie ogl\u0105da\u0107 poni\u017cej. Serdecznie dzi\u0119kujemy a na wystaw\u0119 zapraszamy do 4 pa\u017adziernika.<\/p>\n","protected":false},"author":1,"featured_media":0,"parent":0,"menu_order":0,"comment_status":"closed","ping_status":"closed","template":"","meta":{"saved_in_kubio":false,"footnotes":""},"class_list":["post-118","page","type-page","status-publish","hentry"],"kubio_ai_page_context":{"short_desc":"","purpose":"general"},"_links":{"self":[{"href":"http:\/\/czeremuszkin.com\/index.php?rest_route=\/wp\/v2\/pages\/118","targetHints":{"allow":["GET"]}}],"collection":[{"href":"http:\/\/czeremuszkin.com\/index.php?rest_route=\/wp\/v2\/pages"}],"about":[{"href":"http:\/\/czeremuszkin.com\/index.php?rest_route=\/wp\/v2\/types\/page"}],"author":[{"embeddable":true,"href":"http:\/\/czeremuszkin.com\/index.php?rest_route=\/wp\/v2\/users\/1"}],"replies":[{"embeddable":true,"href":"http:\/\/czeremuszkin.com\/index.php?rest_route=%2Fwp%2Fv2%2Fcomments&post=118"}],"version-history":[{"count":2,"href":"http:\/\/czeremuszkin.com\/index.php?rest_route=\/wp\/v2\/pages\/118\/revisions"}],"predecessor-version":[{"id":126,"href":"http:\/\/czeremuszkin.com\/index.php?rest_route=\/wp\/v2\/pages\/118\/revisions\/126"}],"wp:attachment":[{"href":"http:\/\/czeremuszkin.com\/index.php?rest_route=%2Fwp%2Fv2%2Fmedia&parent=118"}],"curies":[{"name":"wp","href":"https:\/\/api.w.org\/{rel}","templated":true}]}}