{"id":133,"date":"2019-12-18T14:47:48","date_gmt":"2019-12-18T14:47:48","guid":{"rendered":"http:\/\/czeremuszkin.com\/?page_id=133"},"modified":"2026-03-27T21:32:41","modified_gmt":"2026-03-27T21:32:41","slug":"bio","status":"publish","type":"page","link":"http:\/\/czeremuszkin.com\/?page_id=133","title":{"rendered":"BIO"},"content":{"rendered":"\n<figure class=\"wp-block-image\"><img decoding=\"async\" src=\"http:\/\/art.czeremuszkin.com\/wp-content\/uploads\/2011\/11\/DSC_0582-1200x803.jpg\" alt=\"Agata Czeremuszkin-Chrut\" class=\"wp-image-3863\"\/><figcaption class=\"wp-element-caption\">In the studio, Warsaw \u2013 Old Town, 2012<\/figcaption><\/figure>\n\n\n\n<p>Born in 1983, Czestochowa, Poland. Lives and works&nbsp;in Warsaw.<\/p>\n\n\n\n<p><strong>EDUCATION<\/strong><\/p>\n\n\n\n<ul class=\"wp-block-list\">\n<li>2019 PhD Diploma in Fine Arts, Academy of Fine Arts in Lodz, PL<\/li>\n\n\n\n<li>2011-2012 Academy of Fine Arts in Warsaw (postgraduate \u2013 education)<\/li>\n\n\n\n<li>2008 M.F.A. Diploma, Academy of Fine Arts in Wroclaw, PL<\/li>\n\n\n\n<li>2003-2008 Academy of Fine Arts in Wroclaw, PL (painting department)<\/li>\n\n\n\n<li>2007 Edinburgh College of Art- scholarship UE Socrates-Erasmus, UK<\/li>\n\n\n\n<li>1998-2003 Art College, Czestochowa, PL (graphic design \u2013 publishing)<\/li>\n<\/ul>\n\n\n\n<p><a href=\"http:\/\/czeremuszkin.com\/?p=442\">FILM<\/a><\/p>\n\n\n\n<p><strong>SELECTED SOLO EXHIBITIONS<\/strong><\/p>\n\n\n\n<p>2025<\/p>\n\n\n\n<ul class=\"wp-block-list\">\n<li><em>Destructs<\/em>, Xanadu Gallery, Warsaw, PL (May)<\/li>\n\n\n\n<li><em>Impluses<\/em>, Stratos Art Project, Warsaw, PL (April)<\/li>\n<\/ul>\n\n\n\n<p>2025<\/p>\n\n\n\n<ul class=\"wp-block-list\">\n<li><em>Further, straight ahead<\/em>, Contemporary Art Gallery, Wloclawek, PL<\/li>\n<\/ul>\n\n\n\n<p>2024<\/p>\n\n\n\n<ul class=\"wp-block-list\">\n<li><em>Membranes<\/em>, Xanadu Gallery, Warsaw, PL<\/li>\n<\/ul>\n\n\n\n<p>2023<\/p>\n\n\n\n<ul class=\"wp-block-list\">\n<li><em>Materials<\/em>, Xanadu Gallery, Warsaw, PL<\/li>\n<\/ul>\n\n\n\n<p>2021<\/p>\n\n\n\n<ul class=\"wp-block-list\">\n<li><em>Like a rolling stone<\/em>, Xanadu Gallery, Warsaw, PL<\/li>\n\n\n\n<li><em>Papiery<\/em>, Xanadu Gallery, Warsaw, PL<\/li>\n\n\n\n<li><em>Wyj\u015bcie w przestrze\u0144<\/em>, Warsaw Art Fair with Xanadu Gallery, Warsaw, PL<\/li>\n<\/ul>\n\n\n\n<p>2020<\/p>\n\n\n\n<ul class=\"wp-block-list\">\n<li>Kamenn\u00e9 zru\u010dnosti, Gallery on Techelna, Zwolen, Slovakia (curated by S.Svorova-Pawe\u0142kowicz)<\/li>\n\n\n\n<li>Solo show, BWA Gallery, Sanok, Poland (September\/upcoming)<\/li>\n\n\n\n<li>Solo show in BWA Gallery, Ostrowiec Swietokrzyski (October\/upcoming)                                          <\/li>\n<\/ul>\n\n\n\n<p>2019&nbsp;<\/p>\n\n\n\n<ul class=\"wp-block-list\">\n<li><em>Nothing is an abstract,<\/em> Xanadu Gallery, Warsaw, Poland<\/li>\n\n\n\n<li><em>Painting in space. Series of polychrome blocks<\/em>, Na Dach Gallery, Academy of Fine Arts in Lodz, PL (doctoral defence exhibition)<\/li>\n<\/ul>\n\n\n\n<p>2018<\/p>\n\n\n\n<ul class=\"wp-block-list\">\n<li><em>Obiekty<\/em>, Wej\u015bcie przez sklep z platerami Gallery, Warsaw, Poland<\/li>\n\n\n\n<li><em>Ekspresja, kolor, forma<\/em>, Tymczasowa Gallery, Warsaw, Poland (with A.Zawisza)<\/li>\n<\/ul>\n\n\n\n<p>2017<\/p>\n\n\n\n<ul class=\"wp-block-list\">\n<li><em>The body is in the eye<\/em>, Berlin Blue Art Gallery, Berlin, Germany (with M.Roca die)<\/li>\n<\/ul>\n\n\n\n<p>2016<\/p>\n\n\n\n<ul class=\"wp-block-list\">\n<li>\u0179r\u00f3d\u0142a konfliktu, BWA Gallery, Rzeszow, Poland<\/li>\n\n\n\n<li>Prace, Mostra Gallery, Warsaw, Poland<\/li>\n\n\n\n<li>Konkret albo rzeczywisto\u015b\u0107 rozproszona, 105 Gallery, Koszalin, Poland (with A.Pietrzykowska)<\/li>\n<\/ul>\n\n\n\n<p>2015<\/p>\n\n\n\n<ul class=\"wp-block-list\">\n<li>Taste of art, Bristol Hotel, Warsaw, Poland<\/li>\n\n\n\n<li>Dokumentacja obrazu, Muzeum Cz\u0119stochowskie \/ Centrum Promocji M\u0142odych, Cz\u0119stochowa, PL\u00a0(19.03\u00a0\u2013 16.04.2015 \/\u00a0curated by Marta Frej)<\/li>\n\n\n\n<li>\u0106wiczenia\u00a0z organizm\u00f3w \u017cywych, Warzywniak Gallery, Gdansk, PL<\/li>\n<\/ul>\n\n\n\n<p>2014<\/p>\n\n\n\n<ul class=\"wp-block-list\">\n<li>Meat&amp;geometry, City\u00a0Gallery \/ Ba\u0142ucka Gallery, Lodz, PL<\/li>\n\n\n\n<li>To be titled, EC Gallery, Chicago, USA c<\/li>\n<\/ul>\n\n\n\n<p>2013<\/p>\n\n\n\n<ul class=\"wp-block-list\">\n<li>Paper \u2013 Canvas \u2013 Wall , MOSART, Gorz\u00f3w Wielkopolski, Poland\u00a0(curated by G.Nawrocki)<\/li>\n\n\n\n<li>Minimalization, 022 Gallery, OW ZPAP, Wroclaw, Poland<\/li>\n<\/ul>\n\n\n\n<p>2012<\/p>\n\n\n\n<ul class=\"wp-block-list\">\n<li>Body language, Agora Gallery, Wroclaw, Poland\u00a0(curated by K.Wrobel) <\/li>\n\n\n\n<li>Beds, Elektor Gallery, Warsaw, Poland\u00a0(curated by P.Czajor)<\/li>\n\n\n\n<li>Zmys\u0142y Sztuki, Museum \u2013 Palace in Wilanow, Warsaw, Poland\u00a0(curated by A.Grabowski)<\/li>\n<\/ul>\n\n\n\n<p>2011<\/p>\n\n\n\n<ul class=\"wp-block-list\">\n<li>Skin on skin, EC Gallery, Chicago, USA\u00a0(curated by E.Kowalow)<\/li>\n<\/ul>\n\n\n\n<p>2009<\/p>\n\n\n\n<ul class=\"wp-block-list\">\n<li>Relations, Jazzownia Liberalna, Warsaw, Poland\u00a0(curated by M.Furmaniak-Kowalska)<\/li>\n\n\n\n<li>Works on Paper, EC Galley, Chicago, USA\u00a0(curated by E.Kowalow)<\/li>\n\n\n\n<li>Write letters, Dluga Gallery BOK \u2013 Boleslawiec, Poland\u00a0(curated by K.Klepaczek)<\/li>\n\n\n\n<li>Paintings, EC Gallery, Chicago, USA\u00a0(curated by E.Kowalow)<\/li>\n<\/ul>\n\n\n\n<p><strong>SELECTED GROUP EXHIBITIONS<\/strong><\/p>\n\n\n\n<p>2023<\/p>\n\n\n\n<ul class=\"wp-block-list\">\n<li>&#8222;73. PAMI\u0118CI AK-Di\u201d Regional Museum in Bydgoszcz &#8211; Modern Art Gallery, Bydgoszcz, PL (curated by prof. Pawe<strong>\u0142 <\/strong>Lewandowski-Palle)<\/li>\n<\/ul>\n\n\n\n<p>2022<\/p>\n\n\n\n<ul class=\"wp-block-list\">\n<li><em style=\"font-size: 1rem;\">Nowe przestrzenie<\/em> malarstwa. Magdalena Cybulska, Agata Czeremuszkin-Chrut, Joanna Pa\u0142ys<span style=\"font-size: 1rem;\">, Warsaw Art Fair with Xanadu Gallery, Warsaw, PL<\/span><\/li>\n<\/ul>\n\n\n\n<p>2021<\/p>\n\n\n\n<ul class=\"wp-block-list\">\n<li><em>Il Segno dei Canti<\/em>, curator: Fabio Massimo Caruso, Oran\u017ceria Gallery , Kielce, PL<\/li>\n\n\n\n<li>Ciemno wsz\u0119dzie czyli od Czerni do Czerni\u201d Contemporary Art Gallery, W\u0142oc\u0142awek, PL (curated by prof. Pawe<strong>\u0142 <\/strong>Lewandowski-Palle)<\/li>\n<\/ul>\n\n\n\n<p>2020<\/p>\n\n\n\n<ul class=\"wp-block-list\">\n<li>8 Women, Konduktorownia Gallery, Czestochowa, Poland (curated by M. St\u0119pniak)<\/li>\n<\/ul>\n\n\n\n<p>2019&nbsp;<\/p>\n\n\n\n<ul class=\"wp-block-list\">\n<li><em>Ist International Painting Symposium Silva Linarte<\/em>, Mark Rothko Art Centre, Daugavpils, Latvia<\/li>\n\n\n\n<li><em>Art in Science. Science in Art<\/em>, III Malarski Plener i Sympozjum Fundacji\u00a0<em>Mi Do Szu<\/em>, Wygryny, PL                                                                                                                                                                                           <\/li>\n\n\n\n<li>Art in science \/ Science in art, Rampa Theatre Gallery, Warsaw, Poland                                                                                                                                                                             <\/li>\n\n\n\n<li><em>Art in science \/ Science in art \/ Spacial forms<\/em>, Hugonowka, Konstancin, PL <\/li>\n\n\n\n<li>Pami\u0119ci Wojciecha Kapela\u0144skiego, Galeria Sztuki Wsp\u00f3\u0142czesnej, W\u0142oc\u0142awek\u00a0<\/li>\n\n\n\n<li>Frauen Power Unterwegs , Exhibition Center of General Consulate of\u00a0Poland, Munich, Germany (curated by Mariola Heinrich)<\/li>\n<\/ul>\n\n\n\n<p>2018<\/p>\n\n\n\n<ul class=\"wp-block-list\">\n<li><em>Aleksandrale 2 \u2013\u00a0<\/em>kolekcja primary colours, Omega Gallery, Toru\u0144, Poland<\/li>\n\n\n\n<li><em>Primary Colours 4,\u00a0<\/em>Mini Salon Sztuki MCK, Ciechocinek, Poland<\/li>\n\n\n\n<li><em>TPM \u2013 Tryptyki Pewnych Malarek,\u00a0<\/em>Mini Salon Sztuki MCK, Ciechocinek<\/li>\n<\/ul>\n\n\n\n<p>2017<\/p>\n\n\n\n<ul class=\"wp-block-list\">\n<li><em>\u00a0Jeden organizm \u2013 jeder Organismus,<\/em>\u00a0Alte Feuerwache Loschwitz, e.Kunst- und\u00a0Kulturverein,\u00a0Dresden, Germany<\/li>\n\n\n\n<li><em>Pierwsza linia,\u00a0<\/em>ODA Gallery, Piotrkow Trybunalski, Poland<\/li>\n\n\n\n<li><em>Magiczne roztocze,\u00a0<\/em>Music Teather, Lublin, Poland<\/li>\n\n\n\n<li><em>Wspolna przestrze\u0144 \u2013 mi\u0119dzy sztuk\u0105 a designem,\u00a0<\/em>Galeria ASP, \u0141odz, Poland<\/li>\n\n\n\n<li><em>Art Circle,<\/em>\u00a0International Art Symposium, Goritza Brda, Slowenia<\/li>\n\n\n\n<li><em>Magiczne Roztocze,\u00a0<\/em>International Plein Air, Zagroda Guci\u00f3w, Poland<\/li>\n\n\n\n<li><em>Wave,<\/em>\u00a0Baltic Art Gallery, Galeria Piotrkowska, Lodz, Poland<\/li>\n\n\n\n<li><em>Short stories,\u00a0<\/em>Mario Strzelski, Gallery, Stuttgart, Germany<\/li>\n\n\n\n<li><em>Salon zimowy,\u00a0<\/em>Arttrakt Gallery, Wroclaw, Poland<\/li>\n<\/ul>\n\n\n\n<p>2016<\/p>\n\n\n\n<ul class=\"wp-block-list\">\n<li>Atelier am der Donau, International Art Symposium, Pochlarn, Austria<\/li>\n\n\n\n<li>Kunstverein Schwedt, International Landschaft Plein Air, Schwedt, Germany<br>Berlin Blue Art Space, Berlin, Germany<\/li>\n\n\n\n<li>CAR, Contemporary Art Fair, Essen, Germany<\/li>\n\n\n\n<li>All the world\u2019s futures, Kobro Gallery, Academy of Fine Arts in Lodz, Poland<\/li>\n\n\n\n<li>Far Off, Art Fair, Cologne, Germany<\/li>\n<\/ul>\n\n\n\n<p>2015<\/p>\n\n\n\n<ul class=\"wp-block-list\">\n<li>The bridges of art, Art\u00a0symposium in Rawicz, Poland<\/li>\n\n\n\n<li>Artist residency in Swietokrzyskie Mountains, Poland<\/li>\n\n\n\n<li>Small wonders, Atomic Cafe, Detroit, USA<\/li>\n\n\n\n<li>Nord Art, Kunstwerk Carlshutte, Schleswig-Holstein, Germany<\/li>\n\n\n\n<li>XIII Warsaw Art Fair, Arkady Kubickiego, Poland<\/li>\n<\/ul>\n\n\n\n<p>2014<\/p>\n\n\n\n<ul class=\"wp-block-list\">\n<li>Taboo, Victorian Artists Society Gallery, Melborne, Australia\u00a0(curated by E.Glac)<\/li>\n\n\n\n<li>Interference, Polish-German art project, Second Home Project, Berlin, Germany<\/li>\n\n\n\n<li>Nord Art, Kunstwerk Carlshutte, Schleswig-Holstein, Germany<\/li>\n\n\n\n<li>Star rituals, The Old School Art Residency, Gorna Lipnitsa, Lovech, Bulgaria<\/li>\n\n\n\n<li>8. Biennal of Miniatur Art, Gaude Mater, Czestochowa, Poland<\/li>\n\n\n\n<li>LINEARIUM, Pionova Gallery, Gdansk, Poland\u00a0(curated by A.Brudzinska)<\/li>\n\n\n\n<li>The Marian Michalik V Competition for Young Painters, City Gallery,\u00a0Czestochowa, Poland<\/li>\n<\/ul>\n\n\n\n<p>2013<\/p>\n\n\n\n<ul class=\"wp-block-list\">\n<li>Interference, Polish-German art project, Sokolnicki Fort Gallery, Warsaw,\u00a0Poland<\/li>\n\n\n\n<li>Nord Art, Kunstwerk Carlshutte, Schleswig-Holstein, Germany<\/li>\n\n\n\n<li>The Third Triennal of Polish Contemporary Painting, BWA Rzeszow, Poland<\/li>\n\n\n\n<li>Wave, Baltic Art Gallery, Koszalin, Poland<\/li>\n<\/ul>\n\n\n\n<p>2012<\/p>\n\n\n\n<ul class=\"wp-block-list\">\n<li>Art n\u2019Bloom, Brussels, Belgium<\/li>\n<\/ul>\n\n\n\n<p>2011<\/p>\n\n\n\n<ul class=\"wp-block-list\">\n<li>Within young figuration, Platon Gallery, Wroclaw, Poland<\/li>\n\n\n\n<li>Spring Benefit-Kaledoscope, Evanston Art Center, Evanston, IL, USA<\/li>\n<\/ul>\n\n\n\n<p>2010<\/p>\n\n\n\n<ul class=\"wp-block-list\">\n<li>The second Triennal of Polish Contemporary Painting, BWA Rzesz\u00f3w, Poland<\/li>\n\n\n\n<li>The Marian Michalik IV Competition for Young Painters\u201d City Gallery,\u00a0Czestochowa, Poland<\/li>\n\n\n\n<li>Triennal of small painting forms, Torun, Poland<\/li>\n<\/ul>\n\n\n\n<p>2009<\/p>\n\n\n\n<ul class=\"wp-block-list\">\n<li>Reflections, Polish Center of Wisconsin Gallery, Franklin, WI, USA<\/li>\n\n\n\n<li>Paintings: Body, Object, Texture, EC Gallery, Chicago, USA\u00a0(curated by E.Kowalow)<\/li>\n\n\n\n<li>Intimacy, Flying Gallery, Warsaw, Poland\u00a0(curated by M.Wicherkiewicz)<\/li>\n\n\n\n<li>Contemporary figrated themed works, \u00a0winter show in EC Gallery with T.Bilecki, Chicago, USA\u00a0(curated by E.Kowalow)<\/li>\n<\/ul>\n\n\n\n<p>2008<\/p>\n\n\n\n<ul class=\"wp-block-list\">\n<li>Bloom project, Brussels, Belgium<\/li>\n\n\n\n<li>Podwodny Wroclaw Festival, group exhibition, Browar Mieszczanski, Wroclaw, Poland<\/li>\n\n\n\n<li>BWA Awangarda Gallery, Wroclaw, graduated exhibition, Poland<\/li>\n\n\n\n<li>127m2 of painting \u2013 realization of mural painting in Browar Mieszczanski, Wroclaw, Poland<\/li>\n\n\n\n<li>International Screenwriter\u2019s Festival in Bourges, France<\/li>\n<\/ul>\n\n\n\n<p>2007<\/p>\n\n\n\n<ul class=\"wp-block-list\">\n<li>Girls of the professor, \u00a0exhibition in Browar Mieszczanski, Wroclaw, Poland<\/li>\n\n\n\n<li>Around the Coyote, \u00a0(curated by Shannon Stratton), Chicago,USA<\/li>\n\n\n\n<li>The best of the Fest, Around the Coyote Gallery, Chicago, USA<\/li>\n\n\n\n<li>Examination of self and body, Chopin\u2019s Theatre, Chicago, USA<\/li>\n\n\n\n<li>Blue and Black, Edinburgh College of Art, Scotland, UK<\/li>\n\n\n\n<li>The First student biennal of small forms, Tymczasowa Gallery PWSZ in Raciborz;<\/li>\n\n\n\n<li>Epicentrum Gallery in Jastrz\u0119bie Zdroj, Stalowe Anio\u0142y Gallery, Bytom, Poland<\/li>\n<\/ul>\n\n\n\n<p>2006<\/p>\n\n\n\n<ul class=\"wp-block-list\">\n<li>International Drawing Competition Wroclaw \u2013 Museum of Architecture, Wroclaw, Poland; City Gallery of Art in Lodz, Poland and Neapoli Gallery, Thesalonikas, Greece<\/li>\n\n\n\n<li>Green exhibition in Edyta Stein\u2019s house (with a group \u201cBlond w sztuce\u201d) Department of Painting in Architecture and Multimedia, Podwale 62a Gallery, Wroclaw, Poland<\/li>\n<\/ul>\n\n\n\n<p>2005<\/p>\n\n\n\n<ul class=\"wp-block-list\">\n<li>Around the Coyote festival, Chicago, USA<\/li>\n\n\n\n<li>Exhibition with group \u201c2+x\u201d Akademia Gallery, ASP Wroclaw, Poland<\/li>\n\n\n\n<li>Exhibition of studio 114 painting department (ASP Wroclaw) , Under the plafond Gallery, Wroclaw , Poland<\/li>\n\n\n\n<li>\u201c500% of art\u201d- \u201cPlace for art\u201d gallery, Studio BWA Wroclaw, Poland<\/li>\n<\/ul>\n\n\n\n<p>2003<\/p>\n\n\n\n<ul class=\"wp-block-list\">\n<li>Think-animal group exhibition in Browar Mieszczanski Wroclaw, Poland<\/li>\n\n\n\n<li>Around the Coyote festival, Chicago<\/li>\n<\/ul>\n\n\n\n<p><strong>ART FAIRS<\/strong><\/p>\n\n\n\n<p>2016 \u2013 Fair Off, Cologne, Germany<br>2016 \u2013 CAR, Contemporary Art Rurh, Essen, Germany<br>2013 \u2013 Ring \u2013 Art Fair in Wroclaw (Poland)<br>2013 \u2013 XI Warsaw Art Fair (Poland)<br>2012 \u2013 Ring \u2013 Art Fair in Wroclaw (Poland)<br>2012 \u2013 X Warsaw Art Fair (Poland)<\/p>\n\n\n\n<p><strong>AWARDS, FELLOWSHIPS and GRANTS<\/strong><\/p>\n\n\n\n<ul class=\"wp-block-list\">\n<li>2015 \u2013 Art coaching, selected to the project, Pracownia Duzy Pokoj, Warsaw, Poland \u00a0<\/li>\n\n\n\n<li>2014 \u2013 Honorable mention on 8. Biennal of Miniature Art, Gaude Mater, Czestochowa, Poland <\/li>\n\n\n\n<li>2014 \u2013 Selected to The Old School Art Residency, Gorna Lipnitsa, Lovech, Bulgaria<\/li>\n\n\n\n<li>2014\u00a0\u2013\u00a0Qualification for the exhibition\u00a0The Marian Michalik V Competition for Young Painters, City Gallery,\u00a0Czestochowa, Poland<\/li>\n\n\n\n<li>2013 \u2013 Nomination to an award 2013 Triennial of Polish Modern Painting Autumn\u00a0Confrontations, BWA Rzesz\u00f3w, Poland<\/li>\n\n\n\n<li>2011 \u2013 Selected to Studio Visit Magazine \u2013 spring 2011 edition<\/li>\n\n\n\n<li>2007 \u2013 Around the Coyote, Curator\u2019s Choice (curated by Shannon Stratton),\u00a0Chicago, USA<\/li>\n\n\n\n<li>2007 \u2013 Education grant from City Hall Wroclaw<\/li>\n\n\n\n<li>2007 \u2013 Art grant from City Hall Wroclaw<\/li>\n<\/ul>\n\n\n\n<p><strong>GALLERY REPRESENTATION<\/strong><\/p>\n\n\n\n<ul class=\"wp-block-list\">\n<li>EC Gallery, Chicago, USA<\/li>\n\n\n\n<li>NEW BLOOD ART LIMITED, London, UK<\/li>\n\n\n\n<li>XANADU Gallery, Warsaw, PL<\/li>\n\n\n\n<li>Sandhofer Gallery, Salzburg, Austria<\/li>\n\n\n\n<li>Greis&amp;Scheffer, Frankfurt, Germany<\/li>\n<\/ul>\n\n\n\n<p><strong>MEMBERSHIP<\/strong><\/p>\n\n\n\n<p>The Society of Polish Artists and Designers (ZPAP)<\/p>\n","protected":false},"excerpt":{"rendered":"<p>Born in 1983, Czestochowa, Poland. Lives and works&nbsp;in Warsaw. EDUCATION FILM SELECTED SOLO EXHIBITIONS 2025 2025 2024 2023 2021 2020 2019&nbsp; 2018 2017 2016 2015 2014 2013 2012 2011 2009 SELECTED GROUP EXHIBITIONS 2023 2022 2021 2020 2019&nbsp; 2018 2017 2016 2015 2014 2013 2012 2011 2010 2009 2008 2007 2006 2005 2003 ART FAIRS [&hellip;]<\/p>\n","protected":false},"author":1,"featured_media":0,"parent":0,"menu_order":0,"comment_status":"closed","ping_status":"closed","template":"","meta":{"saved_in_kubio":true,"footnotes":""},"class_list":["post-133","page","type-page","status-publish","hentry"],"kubio_ai_page_context":{"short_desc":"","purpose":"general"},"_links":{"self":[{"href":"http:\/\/czeremuszkin.com\/index.php?rest_route=\/wp\/v2\/pages\/133","targetHints":{"allow":["GET"]}}],"collection":[{"href":"http:\/\/czeremuszkin.com\/index.php?rest_route=\/wp\/v2\/pages"}],"about":[{"href":"http:\/\/czeremuszkin.com\/index.php?rest_route=\/wp\/v2\/types\/page"}],"author":[{"embeddable":true,"href":"http:\/\/czeremuszkin.com\/index.php?rest_route=\/wp\/v2\/users\/1"}],"replies":[{"embeddable":true,"href":"http:\/\/czeremuszkin.com\/index.php?rest_route=%2Fwp%2Fv2%2Fcomments&post=133"}],"version-history":[{"count":24,"href":"http:\/\/czeremuszkin.com\/index.php?rest_route=\/wp\/v2\/pages\/133\/revisions"}],"predecessor-version":[{"id":1043,"href":"http:\/\/czeremuszkin.com\/index.php?rest_route=\/wp\/v2\/pages\/133\/revisions\/1043"}],"wp:attachment":[{"href":"http:\/\/czeremuszkin.com\/index.php?rest_route=%2Fwp%2Fv2%2Fmedia&parent=133"}],"curies":[{"name":"wp","href":"https:\/\/api.w.org\/{rel}","templated":true}]}}