{"id":66,"date":"2019-12-18T14:03:17","date_gmt":"2019-12-18T14:03:17","guid":{"rendered":"http:\/\/czeremuszkin.com\/?page_id=66"},"modified":"2019-12-18T14:03:17","modified_gmt":"2019-12-18T14:03:17","slug":"nature-context","status":"publish","type":"page","link":"http:\/\/czeremuszkin.com\/?page_id=66","title":{"rendered":"NATURE CONTEXT"},"content":{"rendered":"\n<figure class=\"wp-block-image\"><img decoding=\"async\" src=\"http:\/\/art.czeremuszkin.com\/wp-content\/uploads\/20x20_2018-800x813.jpg\" alt=\"Forma niebieska, 25x25 cm, acrylic and oil on canvas, 2018\" class=\"wp-image-5507\"\/><figcaption><em>Forma niebieska<\/em>, 25\u00d725 cm, acrylic and oil on canvas, 2018<\/figcaption><\/figure>\n\n\n\n<figure class=\"wp-block-image\"><img decoding=\"async\" src=\"http:\/\/art.czeremuszkin.com\/wp-content\/uploads\/20x20cm_2018-800x802.jpg\" alt=\"Forma \u017c\u00f3\u0142ta, 25x25 cm, acrylic and oil on canvas, 2018\" class=\"wp-image-5508\"\/><figcaption><em>Forma \u017c\u00f3\u0142ta<\/em>, 25\u00d725 cm, acrylic and oil on canvas, 2018<\/figcaption><\/figure>\n\n\n\n<figure class=\"wp-block-image\"><img decoding=\"async\" src=\"http:\/\/art.czeremuszkin.com\/wp-content\/uploads\/Agata-Czeremuszkin_Chrut_Gernik1_2018-800x686.jpg\" alt=\"Gernik 1,  60x80 cm, acrylic on canvas, 2018, private collection\" class=\"wp-image-5509\"\/><figcaption>Gernik 1, 60\u00d780 cm, acrylic on canvas, 2018, private collection<\/figcaption><\/figure>\n\n\n\n<figure class=\"wp-block-image\"><img decoding=\"async\" src=\"http:\/\/art.czeremuszkin.com\/wp-content\/uploads\/Agata-Czeremuszkin_Chrut_Gernik2_2018-800x686.jpg\" alt=\"Gernik 2, 60x80 cm, acrylic on canvas, 2018, private collection\" class=\"wp-image-5510\"\/><figcaption><em>Gernik 2<\/em>, 60\u00d780 cm, acrylic on canvas, 2018, private collection<\/figcaption><\/figure>\n\n\n\n<figure class=\"wp-block-image\"><img decoding=\"async\" src=\"http:\/\/art.czeremuszkin.com\/wp-content\/uploads\/Agata-Czeremuszkin_Chrut_Gernik3_2018-800x686.jpg\" alt=\"Gernik 3, 60x80 cm, acrylic on canvas, 2018, private collection\" class=\"wp-image-5511\"\/><figcaption><em>Gernik 3<\/em>, 60\u00d780 cm, acrylic on canvas, 2018, private collection<\/figcaption><\/figure>\n\n\n\n<figure class=\"wp-block-image\"><img decoding=\"async\" src=\"http:\/\/art.czeremuszkin.com\/wp-content\/uploads\/Agata-Czeremuszkin_Chrut_Gernik4_2018-800x675.jpg\" alt=\"Gernik 4, 60x80 cm, acrylic on canvas, 2018, private collection\" class=\"wp-image-5512\"\/><figcaption><em>Gernik 4<\/em>, 60\u00d780 cm, acrylic on canvas, 2018, private collection<\/figcaption><\/figure>\n\n\n\n<figure class=\"wp-block-image\"><img decoding=\"async\" src=\"http:\/\/art.czeremuszkin.com\/wp-content\/uploads\/czerwony_natura-pamieta-800x801.jpg\" alt=\"Natura pami\u0119ta_czerwony, 50x50 cm, acrylic on canvas, 2018\" class=\"wp-image-5513\"\/><figcaption><em>Natura pami\u0119ta_czerwony<\/em>, 50\u00d750 cm, acrylic on canvas, 2018<\/figcaption><\/figure>\n\n\n\n<figure class=\"wp-block-image\"><img decoding=\"async\" src=\"http:\/\/art.czeremuszkin.com\/wp-content\/uploads\/niebieski_natura-pamieta-800x805.jpg\" alt=\"\" class=\"wp-image-5514\"\/><figcaption><em>Natura pami\u0119ta_niebieski<\/em>, 50\u00d750 cm, acrylic on canvas, 2018<\/figcaption><\/figure>\n\n\n\n<figure class=\"wp-block-image\"><img decoding=\"async\" src=\"http:\/\/art.czeremuszkin.com\/wp-content\/uploads\/zolty_natura-pamieta-800x801.jpg\" alt=\"Natura pami\u0119ta_\u017c\u00f3\u0142ty, 50x50 cm, acrylic on canvas, 2018\" class=\"wp-image-5515\"\/><figcaption><em>Natura pami\u0119ta_\u017c\u00f3\u0142ty<\/em>, 50\u00d750 cm, acrylic on canvas, 2018<\/figcaption><\/figure>\n","protected":false},"excerpt":{"rendered":"","protected":false},"author":1,"featured_media":0,"parent":0,"menu_order":3,"comment_status":"closed","ping_status":"closed","template":"","meta":{"saved_in_kubio":false,"footnotes":""},"class_list":["post-66","page","type-page","status-publish","hentry"],"kubio_ai_page_context":{"short_desc":"","purpose":"general"},"_links":{"self":[{"href":"http:\/\/czeremuszkin.com\/index.php?rest_route=\/wp\/v2\/pages\/66","targetHints":{"allow":["GET"]}}],"collection":[{"href":"http:\/\/czeremuszkin.com\/index.php?rest_route=\/wp\/v2\/pages"}],"about":[{"href":"http:\/\/czeremuszkin.com\/index.php?rest_route=\/wp\/v2\/types\/page"}],"author":[{"embeddable":true,"href":"http:\/\/czeremuszkin.com\/index.php?rest_route=\/wp\/v2\/users\/1"}],"replies":[{"embeddable":true,"href":"http:\/\/czeremuszkin.com\/index.php?rest_route=%2Fwp%2Fv2%2Fcomments&post=66"}],"version-history":[{"count":1,"href":"http:\/\/czeremuszkin.com\/index.php?rest_route=\/wp\/v2\/pages\/66\/revisions"}],"predecessor-version":[{"id":67,"href":"http:\/\/czeremuszkin.com\/index.php?rest_route=\/wp\/v2\/pages\/66\/revisions\/67"}],"wp:attachment":[{"href":"http:\/\/czeremuszkin.com\/index.php?rest_route=%2Fwp%2Fv2%2Fmedia&parent=66"}],"curies":[{"name":"wp","href":"https:\/\/api.w.org\/{rel}","templated":true}]}}